{"id":8,"date":"2026-02-26T09:43:30","date_gmt":"2026-02-26T09:43:30","guid":{"rendered":"https:\/\/lakompraatxondo.rkinformatika.online\/?page_id=8"},"modified":"2026-02-26T17:06:52","modified_gmt":"2026-02-26T17:06:52","slug":"productos","status":"publish","type":"page","link":"https:\/\/lakompraatxondo.com\/eu\/productos\/","title":{"rendered":"Produktuak"},"content":{"rendered":"<div data-elementor-type=\"wp-page\" data-elementor-id=\"8\" class=\"elementor elementor-8\" data-elementor-post-type=\"page\">\n\t\t\t\t<div class=\"elementor-element elementor-element-c41d067 e-con-full e-flex e-con e-parent\" data-id=\"c41d067\" data-element_type=\"container\" data-e-type=\"container\" data-settings=\"{&quot;background_background&quot;:&quot;classic&quot;}\">\n\t\t<div class=\"elementor-element elementor-element-071652b e-con-full e-flex e-con e-child\" data-id=\"071652b\" data-element_type=\"container\" data-e-type=\"container\">\n\t\t\t\t<div class=\"elementor-element elementor-element-051fd47 elementor-invisible elementor-widget elementor-widget-heading\" data-id=\"051fd47\" data-element_type=\"widget\" data-e-type=\"widget\" data-settings=\"{&quot;_animation&quot;:&quot;fadeInRight&quot;}\" data-widget_type=\"heading.default\">\n\t\t\t\t\t<h2 class=\"elementor-heading-title elementor-size-default\">PRODUCTOS<\/h2>\t\t\t\t<\/div>\n\t\t\t\t<\/div>\n\t\t\t\t<\/div>\n\t\t<div class=\"elementor-element elementor-element-619b30b e-flex e-con-boxed e-con e-parent\" data-id=\"619b30b\" data-element_type=\"container\" data-e-type=\"container\">\n\t\t\t\t\t<div class=\"e-con-inner\">\n\t\t<div class=\"elementor-element elementor-element-8f52afc e-con-full e-flex e-con e-child\" data-id=\"8f52afc\" data-element_type=\"container\" data-e-type=\"container\" data-settings=\"{&quot;background_background&quot;:&quot;classic&quot;}\">\n\t\t\t\t<div class=\"elementor-element elementor-element-da4d726 elementor-widget elementor-widget-image\" data-id=\"da4d726\" data-element_type=\"widget\" data-e-type=\"widget\" data-widget_type=\"image.default\">\n\t\t\t\t\t\t\t\t\t\t\t\t\t\t\t<img decoding=\"async\" src=\"https:\/\/lakompraatxondo.com\/wp-content\/uploads\/elementor\/thumbs\/bazar_03-1-rjpwkbm4klj31w9jpyo50jqau0rwmzjh8h980887qk.jpg\" title=\"bazar_03\" alt=\"bazar_03\" loading=\"lazy\" \/>\t\t\t\t\t\t\t\t\t\t\t\t\t\t\t<\/div>\n\t\t\t\t<div class=\"elementor-element elementor-element-67b0ae3 elementor-widget elementor-widget-heading\" data-id=\"67b0ae3\" data-element_type=\"widget\" data-e-type=\"widget\" data-widget_type=\"heading.default\">\n\t\t\t\t\t<h2 class=\"elementor-heading-title elementor-size-default\">Alimentaci\u00f3n para el d\u00eda a d\u00eda<\/h2>\t\t\t\t<\/div>\n\t\t\t\t<div class=\"elementor-element elementor-element-39c5714 elementor-widget elementor-widget-text-editor\" data-id=\"39c5714\" data-element_type=\"widget\" data-e-type=\"widget\" data-widget_type=\"text-editor.default\">\n\t\t\t\t\t\t\t\t\t<p data-start=\"909\" data-end=\"963\">Productos b\u00e1sicos como conservas, pastas, arroces y legumbres, adem\u00e1s de bebidas como agua, refrescos y zumos para tu d\u00eda a d\u00eda.<\/p>\t\t\t\t\t\t\t\t<\/div>\n\t\t\t\t<\/div>\n\t\t<div class=\"elementor-element elementor-element-d1c2c5f e-con-full e-flex e-con e-child\" data-id=\"d1c2c5f\" data-element_type=\"container\" data-e-type=\"container\" data-settings=\"{&quot;background_background&quot;:&quot;classic&quot;}\">\n\t\t\t\t<div class=\"elementor-element elementor-element-047ab26 elementor-widget elementor-widget-image\" data-id=\"047ab26\" data-element_type=\"widget\" data-e-type=\"widget\" data-widget_type=\"image.default\">\n\t\t\t\t\t\t\t\t\t\t\t\t\t\t\t<img decoding=\"async\" src=\"https:\/\/lakompraatxondo.com\/wp-content\/uploads\/elementor\/thumbs\/bazar_05-rjpwmr1486ur1mqkjigfyfo62ut1iu6ikhxdmymlnw.jpg\" title=\"bazar_05\" alt=\"bazar_05\" loading=\"lazy\" \/>\t\t\t\t\t\t\t\t\t\t\t\t\t\t\t<\/div>\n\t\t\t\t<div class=\"elementor-element elementor-element-f66f328 elementor-widget elementor-widget-heading\" data-id=\"f66f328\" data-element_type=\"widget\" data-e-type=\"widget\" data-widget_type=\"heading.default\">\n\t\t\t\t\t<h2 class=\"elementor-heading-title elementor-size-default\">Desayunos y dulces<\/h2>\t\t\t\t<\/div>\n\t\t\t\t<div class=\"elementor-element elementor-element-dfc9d82 elementor-widget elementor-widget-text-editor\" data-id=\"dfc9d82\" data-element_type=\"widget\" data-e-type=\"widget\" data-widget_type=\"text-editor.default\">\n\t\t\t\t\t\t\t\t\t<p data-start=\"1100\" data-end=\"1132\">Desayunos y dulces como galletas, cacao, mermeladas y boller\u00eda envasada, ideales para desayunos y meriendas.<\/p>\t\t\t\t\t\t\t\t<\/div>\n\t\t\t\t<\/div>\n\t\t<div class=\"elementor-element elementor-element-9f92089 e-con-full e-flex e-con e-child\" data-id=\"9f92089\" data-element_type=\"container\" data-e-type=\"container\" data-settings=\"{&quot;background_background&quot;:&quot;classic&quot;}\">\n\t\t\t\t<div class=\"elementor-element elementor-element-a0653fb elementor-widget elementor-widget-image\" data-id=\"a0653fb\" data-element_type=\"widget\" data-e-type=\"widget\" data-widget_type=\"image.default\">\n\t\t\t\t\t\t\t\t\t\t\t\t\t\t\t<img decoding=\"async\" src=\"https:\/\/lakompraatxondo.com\/wp-content\/uploads\/elementor\/thumbs\/bazar_06-rjpwrubn8vtnxlcbt7ooynf1wzpm7te69p527x2tyk.jpg\" title=\"bazar_06\" alt=\"bazar_06\" loading=\"lazy\" \/>\t\t\t\t\t\t\t\t\t\t\t\t\t\t\t<\/div>\n\t\t\t\t<div class=\"elementor-element elementor-element-702fc69 elementor-widget elementor-widget-heading\" data-id=\"702fc69\" data-element_type=\"widget\" data-e-type=\"widget\" data-widget_type=\"heading.default\">\n\t\t\t\t\t<h2 class=\"elementor-heading-title elementor-size-default\">Limpieza del hogar<\/h2>\t\t\t\t<\/div>\n\t\t\t\t<div class=\"elementor-element elementor-element-8238b65 elementor-widget elementor-widget-text-editor\" data-id=\"8238b65\" data-element_type=\"widget\" data-e-type=\"widget\" data-widget_type=\"text-editor.default\">\n\t\t\t\t\t\t\t\t\t<p data-start=\"1222\" data-end=\"1256\">Detergentes, lavavajillas, lej\u00eda, multiusos y productos esenciales para mantener tu casa a punto.<\/p>\t\t\t\t\t\t\t\t<\/div>\n\t\t\t\t<\/div>\n\t\t\t\t\t<\/div>\n\t\t\t\t<\/div>\n\t\t<div class=\"elementor-element elementor-element-256c05d e-flex e-con-boxed e-con e-parent\" data-id=\"256c05d\" data-element_type=\"container\" data-e-type=\"container\">\n\t\t\t\t\t<div class=\"e-con-inner\">\n\t\t<div class=\"elementor-element elementor-element-30d590e e-con-full e-flex e-con e-child\" data-id=\"30d590e\" data-element_type=\"container\" data-e-type=\"container\" data-settings=\"{&quot;background_background&quot;:&quot;classic&quot;}\">\n\t\t\t\t<div class=\"elementor-element elementor-element-4d03ce8 elementor-widget elementor-widget-image\" data-id=\"4d03ce8\" data-element_type=\"widget\" data-e-type=\"widget\" data-widget_type=\"image.default\">\n\t\t\t\t\t\t\t\t\t\t\t\t\t\t\t<img decoding=\"async\" src=\"https:\/\/lakompraatxondo.com\/wp-content\/uploads\/elementor\/thumbs\/bazar_07-rjpwtxiqfmolqeb3m46ui4fxftezblop81bwm1zc4s.jpg\" title=\"bazar_07\" alt=\"bazar_07\" loading=\"lazy\" \/>\t\t\t\t\t\t\t\t\t\t\t\t\t\t\t<\/div>\n\t\t\t\t<div class=\"elementor-element elementor-element-af95672 elementor-widget elementor-widget-heading\" data-id=\"af95672\" data-element_type=\"widget\" data-e-type=\"widget\" data-widget_type=\"heading.default\">\n\t\t\t\t\t<h2 class=\"elementor-heading-title elementor-size-default\">Higiene y cuidado personal<\/h2>\t\t\t\t<\/div>\n\t\t\t\t<div class=\"elementor-element elementor-element-6a8d7bb elementor-widget elementor-widget-text-editor\" data-id=\"6a8d7bb\" data-element_type=\"widget\" data-e-type=\"widget\" data-widget_type=\"text-editor.default\">\n\t\t\t\t\t\t\t\t\t<p data-start=\"909\" data-end=\"963\">Art\u00edculos de aseo como gel, champ\u00fa, desodorante, papel higi\u00e9nico y otros b\u00e1sicos.<\/p>\t\t\t\t\t\t\t\t<\/div>\n\t\t\t\t<\/div>\n\t\t<div class=\"elementor-element elementor-element-26314af e-con-full e-flex e-con e-child\" data-id=\"26314af\" data-element_type=\"container\" data-e-type=\"container\" data-settings=\"{&quot;background_background&quot;:&quot;classic&quot;}\">\n\t\t\t\t<div class=\"elementor-element elementor-element-ab82afd elementor-widget elementor-widget-image\" data-id=\"ab82afd\" data-element_type=\"widget\" data-e-type=\"widget\" data-widget_type=\"image.default\">\n\t\t\t\t\t\t\t\t\t\t\t\t\t\t\t<img fetchpriority=\"high\" decoding=\"async\" width=\"800\" height=\"800\" src=\"https:\/\/lakompraatxondo.com\/wp-content\/uploads\/2026\/02\/bazar_08-1024x1024.jpg\" class=\"attachment-large size-large wp-image-137\" alt=\"\" srcset=\"https:\/\/lakompraatxondo.com\/wp-content\/uploads\/2026\/02\/bazar_08-1024x1024.jpg 1024w, https:\/\/lakompraatxondo.com\/wp-content\/uploads\/2026\/02\/bazar_08-300x300.jpg 300w, https:\/\/lakompraatxondo.com\/wp-content\/uploads\/2026\/02\/bazar_08-150x150.jpg 150w, https:\/\/lakompraatxondo.com\/wp-content\/uploads\/2026\/02\/bazar_08-768x768.jpg 768w, https:\/\/lakompraatxondo.com\/wp-content\/uploads\/2026\/02\/bazar_08-12x12.jpg 12w, https:\/\/lakompraatxondo.com\/wp-content\/uploads\/2026\/02\/bazar_08.jpg 1500w\" sizes=\"(max-width: 800px) 100vw, 800px\" \/>\t\t\t\t\t\t\t\t\t\t\t\t\t\t\t<\/div>\n\t\t\t\t<div class=\"elementor-element elementor-element-263ed74 elementor-widget elementor-widget-heading\" data-id=\"263ed74\" data-element_type=\"widget\" data-e-type=\"widget\" data-widget_type=\"heading.default\">\n\t\t\t\t\t<h2 class=\"elementor-heading-title elementor-size-default\">Productos de primera necesidad<\/h2>\t\t\t\t<\/div>\n\t\t\t\t<div class=\"elementor-element elementor-element-c57bdd0 elementor-widget elementor-widget-text-editor\" data-id=\"c57bdd0\" data-element_type=\"widget\" data-e-type=\"widget\" data-widget_type=\"text-editor.default\">\n\t\t\t\t\t\t\t\t\t<p data-start=\"1100\" data-end=\"1132\">Surtido variado para resolver lo imprescindible de forma r\u00e1pida y c\u00f3moda.<\/p>\t\t\t\t\t\t\t\t<\/div>\n\t\t\t\t<\/div>\n\t\t<div class=\"elementor-element elementor-element-23bc80f e-con-full e-flex e-con e-child\" data-id=\"23bc80f\" data-element_type=\"container\" data-e-type=\"container\" data-settings=\"{&quot;background_background&quot;:&quot;classic&quot;}\">\n\t\t\t\t<div class=\"elementor-element elementor-element-dc64850 elementor-widget elementor-widget-image\" data-id=\"dc64850\" data-element_type=\"widget\" data-e-type=\"widget\" data-widget_type=\"image.default\">\n\t\t\t\t\t\t\t\t\t\t\t\t\t\t\t<img decoding=\"async\" width=\"800\" height=\"800\" src=\"https:\/\/lakompraatxondo.com\/wp-content\/uploads\/2026\/02\/bazar_09-1024x1024.jpg\" class=\"attachment-large size-large wp-image-138\" alt=\"\" srcset=\"https:\/\/lakompraatxondo.com\/wp-content\/uploads\/2026\/02\/bazar_09-1024x1024.jpg 1024w, https:\/\/lakompraatxondo.com\/wp-content\/uploads\/2026\/02\/bazar_09-300x300.jpg 300w, https:\/\/lakompraatxondo.com\/wp-content\/uploads\/2026\/02\/bazar_09-150x150.jpg 150w, https:\/\/lakompraatxondo.com\/wp-content\/uploads\/2026\/02\/bazar_09-768x767.jpg 768w, https:\/\/lakompraatxondo.com\/wp-content\/uploads\/2026\/02\/bazar_09-12x12.jpg 12w, https:\/\/lakompraatxondo.com\/wp-content\/uploads\/2026\/02\/bazar_09.jpg 1500w\" sizes=\"(max-width: 800px) 100vw, 800px\" \/>\t\t\t\t\t\t\t\t\t\t\t\t\t\t\t<\/div>\n\t\t\t\t<div class=\"elementor-element elementor-element-58d10fc elementor-widget elementor-widget-heading\" data-id=\"58d10fc\" data-element_type=\"widget\" data-e-type=\"widget\" data-widget_type=\"heading.default\">\n\t\t\t\t\t<h2 class=\"elementor-heading-title elementor-size-default\">Encargos y disponibilidad<\/h2>\t\t\t\t<\/div>\n\t\t\t\t<div class=\"elementor-element elementor-element-53450da elementor-widget elementor-widget-text-editor\" data-id=\"53450da\" data-element_type=\"widget\" data-e-type=\"widget\" data-widget_type=\"text-editor.default\">\n\t\t\t\t\t\t\t\t\t<p data-start=\"1222\" data-end=\"1256\">Si buscas algo concreto y no lo tenemos en ese momento, cons\u00faltanos: intentamos conseguirlo para darte la mejor soluci\u00f3n.<\/p>\t\t\t\t\t\t\t\t<\/div>\n\t\t\t\t<\/div>\n\t\t\t\t\t<\/div>\n\t\t\t\t<\/div>\n\t\t<div class=\"elementor-element elementor-element-3a3a7d3 e-con-full e-flex e-con e-parent\" data-id=\"3a3a7d3\" data-element_type=\"container\" data-e-type=\"container\" data-settings=\"{&quot;background_background&quot;:&quot;classic&quot;}\">\n\t\t\t\t<div class=\"elementor-element elementor-element-7724277 elementor-cta--skin-cover elementor-animated-content elementor-bg-transform elementor-bg-transform-zoom-in elementor-widget elementor-widget-call-to-action\" data-id=\"7724277\" data-element_type=\"widget\" data-e-type=\"widget\" data-widget_type=\"call-to-action.default\">\n\t\t\t\t\t\t\t<div class=\"elementor-cta\">\n\t\t\t\t\t<div class=\"elementor-cta__bg-wrapper\">\n\t\t\t\t<div class=\"elementor-cta__bg elementor-bg\" style=\"background-image: url(https:\/\/lakompraatxondo.com\/wp-content\/uploads\/2026\/02\/bazar_03-1024x683.jpg);\" role=\"img\" aria-label=\"bazar_03\"><\/div>\n\t\t\t\t<div class=\"elementor-cta__bg-overlay\"><\/div>\n\t\t\t<\/div>\n\t\t\t\t\t\t\t<div class=\"elementor-cta__content\">\n\t\t\t\t\n\t\t\t\t\t\t\t\t\t<h2 class=\"elementor-cta__title elementor-cta__content-item elementor-content-item elementor-animated-item--grow\">\n\t\t\t\t\t\tEstamos aqu\u00ed para ayudarte. \u00a1Cont\u00e1ctanos!\t\t\t\t\t<\/h2>\n\t\t\t\t\n\t\t\t\t\t\t\t\t\t<div class=\"elementor-cta__description elementor-cta__content-item elementor-content-item elementor-animated-item--grow\">\n\t\t\t\t\t\tLa mejor atenci\u00f3n comienza con un buen contacto.\t\t\t\t\t<\/div>\n\t\t\t\t\n\t\t\t\t\t\t\t\t\t<div class=\"elementor-cta__button-wrapper elementor-cta__content-item elementor-content-item elementor-animated-item--grow\">\n\t\t\t\t\t<a class=\"elementor-cta__button elementor-button elementor-size-\" href=\"https:\/\/lakompraatxondo.com\/eu\/contacto\/\">\n\t\t\t\t\t\tKontaktua\t\t\t\t\t<\/a>\n\t\t\t\t\t<\/div>\n\t\t\t\t\t\t\t<\/div>\n\t\t\t\t\t\t<\/div>\n\t\t\t\t\t\t<\/div>\n\t\t\t\t<\/div>\n\t\t\t\t<\/div>","protected":false},"excerpt":{"rendered":"<p>PRODUCTOS Alimentaci\u00f3n para el d\u00eda a d\u00eda Productos b\u00e1sicos como conservas, pastas, arroces y legumbres, adem\u00e1s de bebidas como agua, refrescos y zumos para tu d\u00eda a d\u00eda. Desayunos y dulces Desayunos y dulces como galletas, cacao, mermeladas y boller\u00eda envasada, ideales para desayunos y meriendas. Limpieza del hogar Detergentes, lavavajillas, lej\u00eda, multiusos y productos [&hellip;]<\/p>\n","protected":false},"author":1,"featured_media":0,"parent":0,"menu_order":0,"comment_status":"closed","ping_status":"closed","template":"elementor_canvas","meta":{"footnotes":""},"class_list":["post-8","page","type-page","status-publish","hentry"],"yoast_head":"<!-- This site is optimized with the Yoast SEO plugin v27.4 - https:\/\/yoast.com\/product\/yoast-seo-wordpress\/ -->\n<title>Productos - La Kompra Atxondo<\/title>\n<meta name=\"robots\" content=\"index, follow, max-snippet:-1, max-image-preview:large, max-video-preview:-1\" \/>\n<link rel=\"canonical\" href=\"https:\/\/lakompraatxondo.com\/eu\/productos\/\" \/>\n<meta property=\"og:locale\" content=\"en_US\" \/>\n<meta property=\"og:type\" content=\"article\" \/>\n<meta property=\"og:title\" content=\"Productos - La Kompra Atxondo\" \/>\n<meta property=\"og:description\" content=\"PRODUCTOS Alimentaci\u00f3n para el d\u00eda a d\u00eda Productos b\u00e1sicos como conservas, pastas, arroces y legumbres, adem\u00e1s de bebidas como agua, refrescos y zumos para tu d\u00eda a d\u00eda. Desayunos y dulces Desayunos y dulces como galletas, cacao, mermeladas y boller\u00eda envasada, ideales para desayunos y meriendas. Limpieza del hogar Detergentes, lavavajillas, lej\u00eda, multiusos y productos [&hellip;]\" \/>\n<meta property=\"og:url\" content=\"https:\/\/lakompraatxondo.com\/eu\/productos\/\" \/>\n<meta property=\"og:site_name\" content=\"La Kompra Atxondo\" \/>\n<meta property=\"article:modified_time\" content=\"2026-02-26T17:06:52+00:00\" \/>\n<meta property=\"og:image\" content=\"https:\/\/lakompraatxondo.com\/wp-content\/uploads\/elementor\/thumbs\/bazar_03-1-rjpwkbm4klj31w9jpyo50jqau0rwmzjh8h980887qk.jpg\" \/>\n<meta name=\"twitter:card\" content=\"summary_large_image\" \/>\n<meta name=\"twitter:label1\" content=\"Est. reading time\" \/>\n\t<meta name=\"twitter:data1\" content=\"1 minutua\" \/>\n<script type=\"application\/ld+json\" class=\"yoast-schema-graph\">{\"@context\":\"https:\\\/\\\/schema.org\",\"@graph\":[{\"@type\":\"WebPage\",\"@id\":\"https:\\\/\\\/lakompraatxondo.com\\\/productos\\\/\",\"url\":\"https:\\\/\\\/lakompraatxondo.com\\\/productos\\\/\",\"name\":\"Productos - La Kompra Atxondo\",\"isPartOf\":{\"@id\":\"https:\\\/\\\/lakompraatxondo.com\\\/#website\"},\"primaryImageOfPage\":{\"@id\":\"https:\\\/\\\/lakompraatxondo.com\\\/productos\\\/#primaryimage\"},\"image\":{\"@id\":\"https:\\\/\\\/lakompraatxondo.com\\\/productos\\\/#primaryimage\"},\"thumbnailUrl\":\"https:\\\/\\\/lakompraatxondo.com\\\/wp-content\\\/uploads\\\/elementor\\\/thumbs\\\/bazar_03-1-rjpwkbm4klj31w9jpyo50jqau0rwmzjh8h980887qk.jpg\",\"datePublished\":\"2026-02-26T09:43:30+00:00\",\"dateModified\":\"2026-02-26T17:06:52+00:00\",\"breadcrumb\":{\"@id\":\"https:\\\/\\\/lakompraatxondo.com\\\/productos\\\/#breadcrumb\"},\"inLanguage\":\"eu\",\"potentialAction\":[{\"@type\":\"ReadAction\",\"target\":[\"https:\\\/\\\/lakompraatxondo.com\\\/productos\\\/\"]}]},{\"@type\":\"ImageObject\",\"inLanguage\":\"eu\",\"@id\":\"https:\\\/\\\/lakompraatxondo.com\\\/productos\\\/#primaryimage\",\"url\":\"https:\\\/\\\/lakompraatxondo.com\\\/wp-content\\\/uploads\\\/elementor\\\/thumbs\\\/bazar_03-1-rjpwkbm4klj31w9jpyo50jqau0rwmzjh8h980887qk.jpg\",\"contentUrl\":\"https:\\\/\\\/lakompraatxondo.com\\\/wp-content\\\/uploads\\\/elementor\\\/thumbs\\\/bazar_03-1-rjpwkbm4klj31w9jpyo50jqau0rwmzjh8h980887qk.jpg\"},{\"@type\":\"BreadcrumbList\",\"@id\":\"https:\\\/\\\/lakompraatxondo.com\\\/productos\\\/#breadcrumb\",\"itemListElement\":[{\"@type\":\"ListItem\",\"position\":1,\"name\":\"Portada\",\"item\":\"https:\\\/\\\/lakompraatxondo.com\\\/\"},{\"@type\":\"ListItem\",\"position\":2,\"name\":\"Productos\"}]},{\"@type\":\"WebSite\",\"@id\":\"https:\\\/\\\/lakompraatxondo.com\\\/#website\",\"url\":\"https:\\\/\\\/lakompraatxondo.com\\\/\",\"name\":\"La Kompra Atxondo\",\"description\":\"Tienda de alimentacion y productos de primera necesidad en Apatamonasterio \\\/ +34 946 550 995\",\"publisher\":{\"@id\":\"https:\\\/\\\/lakompraatxondo.com\\\/#organization\"},\"potentialAction\":[{\"@type\":\"SearchAction\",\"target\":{\"@type\":\"EntryPoint\",\"urlTemplate\":\"https:\\\/\\\/lakompraatxondo.com\\\/?s={search_term_string}\"},\"query-input\":{\"@type\":\"PropertyValueSpecification\",\"valueRequired\":true,\"valueName\":\"search_term_string\"}}],\"inLanguage\":\"eu\"},{\"@type\":\"Organization\",\"@id\":\"https:\\\/\\\/lakompraatxondo.com\\\/#organization\",\"name\":\"La Kompra Atxondo\",\"url\":\"https:\\\/\\\/lakompraatxondo.com\\\/\",\"logo\":{\"@type\":\"ImageObject\",\"inLanguage\":\"eu\",\"@id\":\"https:\\\/\\\/lakompraatxondo.com\\\/#\\\/schema\\\/logo\\\/image\\\/\",\"url\":\"https:\\\/\\\/lakompraatxondo.com\\\/wp-content\\\/uploads\\\/2026\\\/02\\\/79491490V_logo.png\",\"contentUrl\":\"https:\\\/\\\/lakompraatxondo.com\\\/wp-content\\\/uploads\\\/2026\\\/02\\\/79491490V_logo.png\",\"width\":549,\"height\":134,\"caption\":\"La Kompra Atxondo\"},\"image\":{\"@id\":\"https:\\\/\\\/lakompraatxondo.com\\\/#\\\/schema\\\/logo\\\/image\\\/\"}}]}<\/script>\n<!-- \/ Yoast SEO plugin. -->","yoast_head_json":{"title":"Productos - La Kompra Atxondo","robots":{"index":"index","follow":"follow","max-snippet":"max-snippet:-1","max-image-preview":"max-image-preview:large","max-video-preview":"max-video-preview:-1"},"canonical":"https:\/\/lakompraatxondo.com\/eu\/productos\/","og_locale":"en_US","og_type":"article","og_title":"Productos - La Kompra Atxondo","og_description":"PRODUCTOS Alimentaci\u00f3n para el d\u00eda a d\u00eda Productos b\u00e1sicos como conservas, pastas, arroces y legumbres, adem\u00e1s de bebidas como agua, refrescos y zumos para tu d\u00eda a d\u00eda. Desayunos y dulces Desayunos y dulces como galletas, cacao, mermeladas y boller\u00eda envasada, ideales para desayunos y meriendas. Limpieza del hogar Detergentes, lavavajillas, lej\u00eda, multiusos y productos [&hellip;]","og_url":"https:\/\/lakompraatxondo.com\/eu\/productos\/","og_site_name":"La Kompra Atxondo","article_modified_time":"2026-02-26T17:06:52+00:00","og_image":[{"url":"https:\/\/lakompraatxondo.com\/wp-content\/uploads\/elementor\/thumbs\/bazar_03-1-rjpwkbm4klj31w9jpyo50jqau0rwmzjh8h980887qk.jpg","type":"","width":"","height":""}],"twitter_card":"summary_large_image","twitter_misc":{"Est. reading time":"1 minutua"},"schema":{"@context":"https:\/\/schema.org","@graph":[{"@type":"WebPage","@id":"https:\/\/lakompraatxondo.com\/productos\/","url":"https:\/\/lakompraatxondo.com\/productos\/","name":"Productos - La Kompra Atxondo","isPartOf":{"@id":"https:\/\/lakompraatxondo.com\/#website"},"primaryImageOfPage":{"@id":"https:\/\/lakompraatxondo.com\/productos\/#primaryimage"},"image":{"@id":"https:\/\/lakompraatxondo.com\/productos\/#primaryimage"},"thumbnailUrl":"https:\/\/lakompraatxondo.com\/wp-content\/uploads\/elementor\/thumbs\/bazar_03-1-rjpwkbm4klj31w9jpyo50jqau0rwmzjh8h980887qk.jpg","datePublished":"2026-02-26T09:43:30+00:00","dateModified":"2026-02-26T17:06:52+00:00","breadcrumb":{"@id":"https:\/\/lakompraatxondo.com\/productos\/#breadcrumb"},"inLanguage":"eu","potentialAction":[{"@type":"ReadAction","target":["https:\/\/lakompraatxondo.com\/productos\/"]}]},{"@type":"ImageObject","inLanguage":"eu","@id":"https:\/\/lakompraatxondo.com\/productos\/#primaryimage","url":"https:\/\/lakompraatxondo.com\/wp-content\/uploads\/elementor\/thumbs\/bazar_03-1-rjpwkbm4klj31w9jpyo50jqau0rwmzjh8h980887qk.jpg","contentUrl":"https:\/\/lakompraatxondo.com\/wp-content\/uploads\/elementor\/thumbs\/bazar_03-1-rjpwkbm4klj31w9jpyo50jqau0rwmzjh8h980887qk.jpg"},{"@type":"BreadcrumbList","@id":"https:\/\/lakompraatxondo.com\/productos\/#breadcrumb","itemListElement":[{"@type":"ListItem","position":1,"name":"Portada","item":"https:\/\/lakompraatxondo.com\/"},{"@type":"ListItem","position":2,"name":"Productos"}]},{"@type":"WebSite","@id":"https:\/\/lakompraatxondo.com\/#website","url":"https:\/\/lakompraatxondo.com\/","name":"La Kompra Atxondo","description":"Tienda de alimentacion y productos de primera necesidad en Apatamonasterio \/ +34 946 550 995","publisher":{"@id":"https:\/\/lakompraatxondo.com\/#organization"},"potentialAction":[{"@type":"SearchAction","target":{"@type":"EntryPoint","urlTemplate":"https:\/\/lakompraatxondo.com\/?s={search_term_string}"},"query-input":{"@type":"PropertyValueSpecification","valueRequired":true,"valueName":"search_term_string"}}],"inLanguage":"eu"},{"@type":"Organization","@id":"https:\/\/lakompraatxondo.com\/#organization","name":"La Kompra Atxondo","url":"https:\/\/lakompraatxondo.com\/","logo":{"@type":"ImageObject","inLanguage":"eu","@id":"https:\/\/lakompraatxondo.com\/#\/schema\/logo\/image\/","url":"https:\/\/lakompraatxondo.com\/wp-content\/uploads\/2026\/02\/79491490V_logo.png","contentUrl":"https:\/\/lakompraatxondo.com\/wp-content\/uploads\/2026\/02\/79491490V_logo.png","width":549,"height":134,"caption":"La Kompra Atxondo"},"image":{"@id":"https:\/\/lakompraatxondo.com\/#\/schema\/logo\/image\/"}}]}},"_links":{"self":[{"href":"https:\/\/lakompraatxondo.com\/eu\/wp-json\/wp\/v2\/pages\/8","targetHints":{"allow":["GET"]}}],"collection":[{"href":"https:\/\/lakompraatxondo.com\/eu\/wp-json\/wp\/v2\/pages"}],"about":[{"href":"https:\/\/lakompraatxondo.com\/eu\/wp-json\/wp\/v2\/types\/page"}],"author":[{"embeddable":true,"href":"https:\/\/lakompraatxondo.com\/eu\/wp-json\/wp\/v2\/users\/1"}],"replies":[{"embeddable":true,"href":"https:\/\/lakompraatxondo.com\/eu\/wp-json\/wp\/v2\/comments?post=8"}],"version-history":[{"count":34,"href":"https:\/\/lakompraatxondo.com\/eu\/wp-json\/wp\/v2\/pages\/8\/revisions"}],"predecessor-version":[{"id":222,"href":"https:\/\/lakompraatxondo.com\/eu\/wp-json\/wp\/v2\/pages\/8\/revisions\/222"}],"wp:attachment":[{"href":"https:\/\/lakompraatxondo.com\/eu\/wp-json\/wp\/v2\/media?parent=8"}],"curies":[{"name":"wp","href":"https:\/\/api.w.org\/{rel}","templated":true}]}}